{"id":141,"date":"2015-08-16T10:32:46","date_gmt":"2015-08-16T08:32:46","guid":{"rendered":"http:\/\/k-h-marohn.bplaced.net\/wordpress\/?page_id=141"},"modified":"2025-06-09T15:48:54","modified_gmt":"2025-06-09T13:48:54","slug":"arbeiten-test","status":"publish","type":"page","link":"https:\/\/marohn.bplaced.net\/?page_id=141","title":{"rendered":"Arbeiten++"},"content":{"rendered":"<div id=\"pl-141\"  class=\"panel-layout\" ><div id=\"pg-141-0\"  class=\"panel-grid panel-has-style\" ><div class=\"panel-row-style panel-row-style-for-141-0\" ><div id=\"pgc-141-0-0\"  class=\"panel-grid-cell panel-grid-cell-mobile-last\" ><div id=\"panel-141-0-0-0\" class=\"so-panel widget widget_sow-editor panel-first-child panel-last-child\" data-index=\"0\" ><div\n\t\t\t\n\t\t\tclass=\"so-widget-sow-editor so-widget-sow-editor-base\"\n\t\t\t\n\t\t>\n<div class=\"siteorigin-widget-tinymce textwidget\">\n\t<p>Hier sind wir nun bei den Arbeiten der Jugendlichen. Alle diese Werke entstanden in Zusammenarbeit mit Sch\u00fclerinnen und Sch\u00fclern des siebten Jahrganges des Abteigymnasiums in Brauweiler.<\/p>\n<\/div>\n<\/div><\/div><\/div><div id=\"pgc-141-0-1\"  class=\"panel-grid-cell panel-grid-cell-empty\" ><\/div><\/div><\/div><div id=\"pg-141-1\"  class=\"panel-grid panel-has-style\" ><div class=\"siteorigin-panels-stretch panel-row-style panel-row-style-for-141-1\" data-stretch-type=\"full\" ><div id=\"pgc-141-1-0\"  class=\"panel-grid-cell\" ><div id=\"panel-141-1-0-0\" class=\"so-panel widget widget_sow-editor panel-first-child panel-last-child\" data-index=\"1\" ><div\n\t\t\t\n\t\t\tclass=\"so-widget-sow-editor so-widget-sow-editor-base\"\n\t\t\t\n\t\t>\n<div class=\"siteorigin-widget-tinymce textwidget\">\n\t<p><a href=\"https:\/\/marohn.bplaced.net\/?p=117\" rel=\"noopener\"><img loading=\"lazy\" decoding=\"async\" class=\"alignnone wp-image-108 size-medium\" src=\"https:\/\/marohn.bplaced.net\/wp-content\/uploads\/2015\/08\/Kunstorte1-300x207.jpg\" alt=\"Kunstorte\" width=\"300\" height=\"207\" \/><\/a><\/p>\n<p class=\"western\">Orte haben etwas wunderbares, sie sind \u00fcberall zu finden, sie haben immer ein unterschiedliches Aussehen und sind mit Geschichten behaftet. Weiter erkannt man sie daran, dass sie immer da sind. Unter dem Titel <strong><span style=\"color: #800000;\">KUNSTORTE<\/span> <\/strong>haben Sch\u00fclerinnen und Sch\u00fcler einer siebten Klasse Ideen an verschiedenen Orten einer Schule realisiert. <span style=\"color: #000000;\"><a style=\"color: #000000;\" href=\"https:\/\/marohn.bplaced.net\/?p=117\" rel=\"noopener\">Mehr<\/a>...\u00a0<\/span><\/p>\n<\/div>\n<\/div><\/div><\/div><div id=\"pgc-141-1-1\"  class=\"panel-grid-cell\" ><div id=\"panel-141-1-1-0\" class=\"so-panel widget widget_sow-editor panel-first-child panel-last-child\" data-index=\"2\" ><div\n\t\t\t\n\t\t\tclass=\"so-widget-sow-editor so-widget-sow-editor-base\"\n\t\t\t\n\t\t>\n<div class=\"siteorigin-widget-tinymce textwidget\">\n\t<p><a href=\"https:\/\/marohn.bplaced.net\/?p=119\" rel=\"noopener\"><img loading=\"lazy\" decoding=\"async\" class=\"alignnone wp-image-109 size-medium\" src=\"https:\/\/marohn.bplaced.net\/wp-content\/uploads\/2015\/08\/Landschaft1-300x207.jpg\" alt=\"Landschaft\" width=\"300\" height=\"207\" \/><\/a><\/p>\n<p style=\"text-align: left;\">Brauweiler liegt am Rande des Rheinischen Braunkohlenreviers. Die Landschaft wird bestimmt, durch von Landwirtschaft gepr\u00e4gter Kulturlandschaft und rekultivierter Landschaft im Zuge des Braunkohlenabbaus. Naturlandschaft kommt in dieser Region nicht mehr vor. Oder ist die rekultivierte Landschaft auch unsere neue Naturlandschaft? Die Sch\u00fclerinnen und Sch\u00fcler der Abteigymnasiums haben sich unter dem Titel <span style=\"color: #800000;\"><strong>Naturlandschaft-Kultur-Kulturlandschaft<\/strong><\/span> dieser Aufgabe gestellt. <span style=\"color: #000000;\"><a style=\"color: #000000;\" href=\"https:\/\/marohn.bplaced.net\/?p=119\" rel=\"noopener\">Mehr<\/a><\/span>...<\/p>\n<\/div>\n<\/div><\/div><\/div><div id=\"pgc-141-1-2\"  class=\"panel-grid-cell\" ><div id=\"panel-141-1-2-0\" class=\"so-panel widget widget_sow-editor panel-first-child panel-last-child\" data-index=\"3\" ><div\n\t\t\t\n\t\t\tclass=\"so-widget-sow-editor so-widget-sow-editor-base\"\n\t\t\t\n\t\t>\n<div class=\"siteorigin-widget-tinymce textwidget\">\n\t<p><a href=\"https:\/\/marohn.bplaced.net\/?p=121\"><img loading=\"lazy\" decoding=\"async\" class=\"alignnone wp-image-111 size-full\" src=\"https:\/\/marohn.bplaced.net\/wp-content\/uploads\/2015\/08\/MySpace1.jpg\" alt=\"MySpace\" width=\"299\" height=\"207\" \/><\/a><\/p>\n<p class=\"western\">Das Internet mit seinen seinen Chatrooms und Webblocks ist der Platz wo Helden geboren werden, aufwachsen, vergl\u00fchen. Hier k\u00f6nnen wir uns alle selbst zu Helden stilisieren. Angelehnt an Internetauftritten haben Sch\u00fclerinnen und Sch\u00fcler des Abteigymnasiums Brauweiler, unter dem Titel <span style=\"color: #800000;\"><strong>MySpace<\/strong> <\/span>ihren \u201ePrivatraum\u201c jeweils in einer zwei Meter hohen Kiste geschaffen. <span style=\"color: #000000;\"><a style=\"color: #000000;\" href=\"https:\/\/marohn.bplaced.net\/?p=121\">Mehr<\/a><\/span>...<\/p>\n<\/div>\n<\/div><\/div><\/div><div id=\"pgc-141-1-3\"  class=\"panel-grid-cell\" ><div id=\"panel-141-1-3-0\" class=\"so-panel widget widget_sow-editor panel-first-child panel-last-child\" data-index=\"4\" ><div\n\t\t\t\n\t\t\tclass=\"so-widget-sow-editor so-widget-sow-editor-base\"\n\t\t\t\n\t\t>\n<div class=\"siteorigin-widget-tinymce textwidget\">\n\t<p><a href=\"https:\/\/marohn.bplaced.net\/?p=123\"><img loading=\"lazy\" decoding=\"async\" class=\"alignnone wp-image-105 size-medium\" src=\"https:\/\/marohn.bplaced.net\/wp-content\/uploads\/2015\/08\/Buecher11-300x207.jpg\" alt=\"Buecher1\" width=\"300\" height=\"207\" \/><\/a><\/p>\n<p><strong><span style=\"color: #800000;\">B\u00fccher<\/span> <\/strong>nur noch als E-Book oder doch lieber zum Anfassen. Das Buchprojekt will nicht die elektronischen Medien disqualifizieren oder deren Existenz in Frage stellen. Es sollen vielmehr die Besonderheiten eines Buches erkannt und die speziellen Qualit\u00e4ten herausgearbeitet werden. Hierzu soll jeder Sch\u00fcler sein eigenes Buch herstellen. Jedes Buch ist ein Unikat und wird anschlie\u00dfend in einer kleinen Bibliothek zusammengefasst. <span style=\"color: #000000;\"><a style=\"color: #000000;\" href=\"https:\/\/marohn.bplaced.net\/?p=123\">Mehr<\/a><\/span>...<\/p>\n<\/div>\n<\/div><\/div><\/div><\/div><\/div><div id=\"pg-141-2\"  class=\"panel-grid panel-has-style\" ><div class=\"siteorigin-panels-stretch panel-row-style panel-row-style-for-141-2\" data-stretch-type=\"full\" ><div id=\"pgc-141-2-0\"  class=\"panel-grid-cell\" ><div id=\"panel-141-2-0-0\" class=\"so-panel widget widget_sow-editor panel-first-child panel-last-child\" data-index=\"5\" ><div\n\t\t\t\n\t\t\tclass=\"so-widget-sow-editor so-widget-sow-editor-base\"\n\t\t\t\n\t\t>\n<div class=\"siteorigin-widget-tinymce textwidget\">\n\t<p><a href=\"https:\/\/marohn.bplaced.net\/?p=125\"><img loading=\"lazy\" decoding=\"async\" class=\"alignnone wp-image-113 size-medium\" src=\"https:\/\/marohn.bplaced.net\/wp-content\/uploads\/2015\/08\/Wand1-300x207.jpg\" alt=\"Wand\" width=\"300\" height=\"207\" \/><\/a><\/p>\n<p class=\"western\"><span style=\"color: #800000;\"><strong>DIE WAND<\/strong><\/span>. Eine Wand oder Mauer grenzt ab oder ein, kann undurchdringlich sein, sie bietet aber auch Schutz, kann historische Bedeutung haben, kann gestaltet und durchbrochen werden. Die Klasse hatte eine besondere Wand als Ausgangspunkt des Projektes. Diesen Ort zu gestalten war das zentrale Thema. <span style=\"color: #000000;\"><a style=\"color: #000000;\" href=\"https:\/\/marohn.bplaced.net\/?p=125\">Mehr<\/a><\/span>...<\/p>\n<\/div>\n<\/div><\/div><\/div><div id=\"pgc-141-2-1\"  class=\"panel-grid-cell\" ><div id=\"panel-141-2-1-0\" class=\"so-panel widget widget_sow-editor panel-first-child panel-last-child\" data-index=\"6\" ><div\n\t\t\t\n\t\t\tclass=\"so-widget-sow-editor so-widget-sow-editor-base\"\n\t\t\t\n\t\t>\n<div class=\"siteorigin-widget-tinymce textwidget\">\n\t<p><a href=\"https:\/\/marohn.bplaced.net\/?p=127\"><img loading=\"lazy\" decoding=\"async\" class=\"alignnone wp-image-110 size-medium\" src=\"https:\/\/marohn.bplaced.net\/wp-content\/uploads\/2015\/08\/Muell1-300x207.jpg\" alt=\"Muell\" width=\"300\" height=\"207\" \/><\/a><\/p>\n<p class=\"western\">Unter Abfall oder M\u00fcll versteht man nicht mehr ben\u00f6tigte \u00dcberreste im festen Zustand, was Fl\u00fcssigkeiten einschlie\u00dft. Man unterscheidet den Abfall in Deutschland (Restm\u00fcll, Glas, Papier, Sonderm\u00fcll...). Mit dem Begriff Recycling wird der Vorgang bezeichnet, bei dem aus Abfall ein Sekund\u00e4rrohstoff wird. Unter dem Titel <span style=\"color: #800000;\"><strong>Das zweite Leben<\/strong><\/span> stellten sich die Sch\u00fclerinnen und Sch\u00fcler die Frage, ob ein weggeworfener Gegenstand M\u00fcll ist. <span style=\"color: #000000;\"><a style=\"color: #000000;\" href=\"https:\/\/marohn.bplaced.net\/?p=127\">Mehr<\/a><\/span>...<\/p>\n<\/div>\n<\/div><\/div><\/div><div id=\"pgc-141-2-2\"  class=\"panel-grid-cell\" ><div id=\"panel-141-2-2-0\" class=\"so-panel widget widget_sow-editor panel-first-child panel-last-child\" data-index=\"7\" ><div\n\t\t\t\n\t\t\tclass=\"so-widget-sow-editor so-widget-sow-editor-base\"\n\t\t\t\n\t\t>\n<div class=\"siteorigin-widget-tinymce textwidget\">\n\t<p><a href=\"https:\/\/marohn.bplaced.net\/?p=129\"><img loading=\"lazy\" decoding=\"async\" class=\"alignnone wp-image-106 size-medium\" src=\"https:\/\/marohn.bplaced.net\/wp-content\/uploads\/2015\/08\/Buecher21-300x207.jpg\" alt=\"Buecher2\" width=\"300\" height=\"207\" \/><\/a><\/p>\n<p class=\"western\">Nochmal <span style=\"color: #800000;\"><strong>B\u00fccher<\/strong><\/span>. Das gebundene Buch hat zentrale Vorteile: es ist portabel, es braucht keinen Strom, es passt sich dem Umgebungslicht an, da es nicht selbstt\u00e4tig leuchtet. Dar\u00fcber hinaus besticht es vor allem durch seine Verst\u00e4ndlichkeit: Wir kennen B\u00fccher seit Jahrhunderten, wir sind uns ihrer Grundstrukturen bewusst, wir wissen, wie wir sie zu handhaben haben. <span style=\"color: #000000;\"><a style=\"color: #000000;\" href=\"https:\/\/marohn.bplaced.net\/?p=129\">Mehr<\/a><\/span>...<\/p>\n<\/div>\n<\/div><\/div><\/div><div id=\"pgc-141-2-3\"  class=\"panel-grid-cell\" ><div id=\"panel-141-2-3-0\" class=\"so-panel widget widget_sow-editor panel-first-child panel-last-child\" data-index=\"8\" ><div\n\t\t\t\n\t\t\tclass=\"so-widget-sow-editor so-widget-sow-editor-base\"\n\t\t\t\n\t\t>\n<div class=\"siteorigin-widget-tinymce textwidget\">\n\t<p><a href=\"https:\/\/marohn.bplaced.net\/?p=131\"><img loading=\"lazy\" decoding=\"async\" class=\"alignnone wp-image-112 size-medium\" src=\"https:\/\/marohn.bplaced.net\/wp-content\/uploads\/2015\/08\/Orte1-300x207.jpg\" alt=\"Orte\" width=\"300\" height=\"207\" \/><\/a><\/p>\n<p class=\"western\"><span style=\"color: #800000;\"><strong>Orte und \u00d6rtlichkeiten<\/strong><\/span> hat sich mit Themen des deutschen Alltags besch\u00e4ftigt, dazu geh\u00f6rt die Vision von der Stadt der Zukunft, die deutsche Kultur des Gartenzwerges, Gedichte \u00fcber den QR-Code und was passiert auf 1qm Kleingarten. <span style=\"color: #000000;\"><a style=\"color: #000000;\" href=\"https:\/\/marohn.bplaced.net\/?p=131\">Mehr<\/a><\/span>...<\/p>\n<\/div>\n<\/div><\/div><\/div><\/div><\/div><div id=\"pg-141-3\"  class=\"panel-grid panel-has-style\" ><div class=\"siteorigin-panels-stretch panel-row-style panel-row-style-for-141-3\" data-stretch-type=\"full\" ><div id=\"pgc-141-3-0\"  class=\"panel-grid-cell\" ><div id=\"panel-141-3-0-0\" class=\"so-panel widget widget_sow-editor panel-first-child panel-last-child\" data-index=\"9\" ><div\n\t\t\t\n\t\t\tclass=\"so-widget-sow-editor so-widget-sow-editor-base\"\n\t\t\t\n\t\t>\n<div class=\"siteorigin-widget-tinymce textwidget\">\n\t<p><a href=\"https:\/\/marohn.bplaced.net\/?p=133\"><img loading=\"lazy\" decoding=\"async\" class=\"alignnone wp-image-114 size-full\" src=\"https:\/\/marohn.bplaced.net\/wp-content\/uploads\/2015\/08\/Wiese1.jpg\" alt=\"Wiese\" width=\"299\" height=\"207\" \/><\/a><\/p>\n<p class=\"western\"><span style=\"color: #800000;\"><strong>Im Feld und auf der Wiese, <\/strong><\/span>ein Projekt welches sich mit Natur und Hinterlassenschaften in der Natur besch\u00e4ftigte. Die Sch\u00fclerinnen und Sch\u00fcler sammelten Weggeworfenes im Park und vakuumierten es, sie zeichneten\u00a0 Zweige auf gro\u00dfem Papier und fertigten kleine Landschaftsmodelle in Einmachgl\u00e4sern<span style=\"color: #000000;\">. <a style=\"color: #000000;\" href=\"https:\/\/marohn.bplaced.net\/?p=133\">Mehr<\/a>...<\/span><\/p>\n<\/div>\n<\/div><\/div><\/div><div id=\"pgc-141-3-1\"  class=\"panel-grid-cell\" ><div id=\"panel-141-3-1-0\" class=\"so-panel widget widget_sow-editor panel-first-child panel-last-child\" data-index=\"10\" ><div\n\t\t\t\n\t\t\tclass=\"so-widget-sow-editor so-widget-sow-editor-base\"\n\t\t\t\n\t\t>\n<div class=\"siteorigin-widget-tinymce textwidget\">\n\t<p><a href=\"https:\/\/marohn.bplaced.net\/?p=135\"><img loading=\"lazy\" decoding=\"async\" class=\"alignnone wp-image-107 size-medium\" src=\"https:\/\/marohn.bplaced.net\/wp-content\/uploads\/2015\/08\/Klima1-300x207.jpg\" alt=\"Klima\" width=\"300\" height=\"207\" \/><\/a><\/p>\n<p class=\"western\">Wie geht es mit unserer Welt weiter? Wie sieht die Zukunft aus? Welche Folgen hat der <strong><span style=\"color: #800000;\">Klimawandel<\/span><\/strong>? Fragen die die Sch\u00fclerinnen und Sch\u00fcler skizzierten. Die entstandenen Arbeiten wurden in einer\u00a0\"Werkstatt\" gesammelt und die Ideen k\u00f6nnen weitergef\u00fchrt werden. <span style=\"color: #000000;\"><a style=\"color: #000000;\" href=\"https:\/\/marohn.bplaced.net\/?p=135\">Mehr<\/a><\/span>...<\/p>\n<\/div>\n<\/div><\/div><\/div><div id=\"pgc-141-3-2\"  class=\"panel-grid-cell\" ><div id=\"panel-141-3-2-0\" class=\"so-panel widget widget_sow-editor panel-first-child panel-last-child\" data-index=\"11\" ><div\n\t\t\t\n\t\t\tclass=\"so-widget-sow-editor so-widget-sow-editor-base\"\n\t\t\t\n\t\t>\n<div class=\"siteorigin-widget-tinymce textwidget\">\n\t<p><a href=\"https:\/\/marohn.bplaced.net\/?p=902\"><img loading=\"lazy\" decoding=\"async\" class=\"alignnone wp-image-900 size-medium\" src=\"https:\/\/marohn.bplaced.net\/wp-content\/uploads\/2015\/08\/Titel-300x207.jpg\" alt=\"Titel\" width=\"300\" height=\"207\" \/><\/a><\/p>\n<p><span style=\"font-family: Arial,sans-serif;\">Die Lebensr\u00e4ume von vielen Tieren werden vernichtet, zum einen durch den Klimawandel, aber auch durch Rodungen, Stra\u00dfenbau und Expansion der St\u00e4dte. Viele Tiere sind somit vom Aussterben bedroht und der Mensch ist daf\u00fcr verantwortlich. Ein umfangreicher <span style=\"color: #008000;\">Tierschutz <\/span>ist notwendiger denn je. <span style=\"color: #000000;\"><a style=\"color: #000000;\" href=\"https:\/\/marohn.bplaced.net\/?p=902\">Mehr...<\/a><\/span><\/span><\/p>\n<\/div>\n<\/div><\/div><\/div><div id=\"pgc-141-3-3\"  class=\"panel-grid-cell\" ><div id=\"panel-141-3-3-0\" class=\"so-panel widget widget_sow-editor panel-first-child panel-last-child\" data-index=\"12\" ><div\n\t\t\t\n\t\t\tclass=\"so-widget-sow-editor so-widget-sow-editor-base\"\n\t\t\t\n\t\t>\n<div class=\"siteorigin-widget-tinymce textwidget\">\n\t<p><a href=\"https:\/\/marohn.bplaced.net\/?p=983\"><img loading=\"lazy\" decoding=\"async\" class=\"alignnone wp-image-968 size-medium\" src=\"https:\/\/marohn.bplaced.net\/wp-content\/uploads\/2017\/10\/Aufbruch1-300x207.jpg\" alt=\"Aufbruch1\" width=\"300\" height=\"207\" \/><\/a><span style=\"font-family: Arial,sans-serif;\"><br \/>\n<\/span><\/p>\n<p><span style=\"font-family: Arial,sans-serif;\">Unsere Welt zeigt sich mit immer neuen Problemen. Kriege, Krankheiten und wirtschaftlicher Egoismus dr\u00e4ngen eine bev\u00f6lkerungsreiche Welt an den Abgrund. L\u00f6sungen werden versucht, beim Klimawandel und Tierschutz, scheitern aber an nationale Interessen. Wie kann eine bessere Welt aussehen? Oder sollte man einen <span style=\"color: #33cccc;\">Aufbruch<\/span> wagen und sich neuen Welten zuwenden?<br \/>\n<span style=\"color: #000000;\"><a href=\"https:\/\/marohn.bplaced.net\/?p=983\"><span style=\"color: #333333;\">Mehr<\/span>...<\/a><\/span><\/span><\/p>\n<\/div>\n<\/div><\/div><\/div><\/div><\/div><div id=\"pg-141-4\"  class=\"panel-grid panel-has-style\" ><div class=\"siteorigin-panels-stretch panel-row-style panel-row-style-for-141-4\" data-stretch-type=\"full\" ><div id=\"pgc-141-4-0\"  class=\"panel-grid-cell\" ><div id=\"panel-141-4-0-0\" class=\"so-panel widget widget_sow-editor panel-first-child panel-last-child\" data-index=\"13\" ><div\n\t\t\t\n\t\t\tclass=\"so-widget-sow-editor so-widget-sow-editor-base\"\n\t\t\t\n\t\t>\n<div class=\"siteorigin-widget-tinymce textwidget\">\n\t<p><a href=\"https:\/\/marohn.bplaced.net\/?p=1321\"><img loading=\"lazy\" decoding=\"async\" class=\"alignnone wp-image-1394 size-full\" src=\"https:\/\/marohn.bplaced.net\/wp-content\/uploads\/2015\/08\/P7-e1545845062637.jpg\" alt=\"P7\" width=\"300\" height=\"200\" \/><\/a><\/p>\n<p class=\"western\"><span style=\"color: #800000;\"><strong>Keine (Um)Welt? <\/strong><\/span>ein Projekt welches sich mit Klimawandel, Tier- und Umweltschutz besch\u00e4ftigte. Die Sch\u00fclerinnen und Sch\u00fcler zeichneten, malten und druckten auf gro\u00dfen Papieren und banden diese in B\u00fcchern zusammen<span style=\"color: #000000;\">. <a href=\"https:\/\/marohn.bplaced.net\/?p=1321\">Mehr...<\/a><\/span><\/p>\n<\/div>\n<\/div><\/div><\/div><div id=\"pgc-141-4-1\"  class=\"panel-grid-cell\" ><div id=\"panel-141-4-1-0\" class=\"so-panel widget widget_sow-editor panel-first-child panel-last-child\" data-index=\"14\" ><div\n\t\t\t\n\t\t\tclass=\"so-widget-sow-editor so-widget-sow-editor-base\"\n\t\t\t\n\t\t>\n<div class=\"siteorigin-widget-tinymce textwidget\">\n\t<p><a href=\"https:\/\/marohn.bplaced.net\/?p=1421\"><img loading=\"lazy\" decoding=\"async\" class=\"alignnone wp-image-1419 size-full\" src=\"https:\/\/marohn.bplaced.net\/wp-content\/uploads\/2019\/08\/3039k.jpg\" alt=\"3039k\" width=\"300\" height=\"200\" srcset=\"https:\/\/marohn.bplaced.net\/wp-content\/uploads\/2019\/08\/3039k.jpg 300w, https:\/\/marohn.bplaced.net\/wp-content\/uploads\/2019\/08\/3039k-272x182.jpg 272w\" sizes=\"auto, (max-width: 300px) 100vw, 300px\" \/><\/a><\/p>\n<p class=\"western\"><span style=\"color: #800000;\"><strong>Plastik. <\/strong><\/span>Die Sch\u00fclerinnen und Sch\u00fcler haben sich mit dem Thema Plastik auseinandergesetzt. Wir leben in einer Welt voller Dinge aus Kunststoff.<span style=\"color: #000000;\"> <a href=\"https:\/\/marohn.bplaced.net\/?p=1421\">Mehr...<\/a><\/span><\/p>\n<\/div>\n<\/div><\/div><\/div><div id=\"pgc-141-4-2\"  class=\"panel-grid-cell panel-grid-cell-empty panel-grid-cell-mobile-last\" ><\/div><div id=\"pgc-141-4-3\"  class=\"panel-grid-cell panel-grid-cell-empty\" ><\/div><\/div><\/div><\/div>","protected":false},"excerpt":{"rendered":"<p>Hier sind wir nun bei den Arbeiten der Jugendlichen. Alle diese Werke entstanden in Zusammenarbeit mit Sch\u00fclerinnen und Sch\u00fclern des siebten Jahrganges des Abteigymnasiums in Brauweiler. Orte haben etwas wunderbares, sie sind \u00fcberall zu finden, sie haben immer ein unterschiedliches Aussehen und sind mit Geschichten behaftet. Weiter erkannt man sie daran, dass sie immer da [&hellip;]<\/p>\n","protected":false},"author":1,"featured_media":0,"parent":0,"menu_order":0,"comment_status":"closed","ping_status":"open","template":"","meta":{"footnotes":""},"class_list":["post-141","page","type-page","status-publish","hentry","post"],"_links":{"self":[{"href":"https:\/\/marohn.bplaced.net\/index.php?rest_route=\/wp\/v2\/pages\/141","targetHints":{"allow":["GET"]}}],"collection":[{"href":"https:\/\/marohn.bplaced.net\/index.php?rest_route=\/wp\/v2\/pages"}],"about":[{"href":"https:\/\/marohn.bplaced.net\/index.php?rest_route=\/wp\/v2\/types\/page"}],"author":[{"embeddable":true,"href":"https:\/\/marohn.bplaced.net\/index.php?rest_route=\/wp\/v2\/users\/1"}],"replies":[{"embeddable":true,"href":"https:\/\/marohn.bplaced.net\/index.php?rest_route=%2Fwp%2Fv2%2Fcomments&post=141"}],"version-history":[{"count":66,"href":"https:\/\/marohn.bplaced.net\/index.php?rest_route=\/wp\/v2\/pages\/141\/revisions"}],"predecessor-version":[{"id":1559,"href":"https:\/\/marohn.bplaced.net\/index.php?rest_route=\/wp\/v2\/pages\/141\/revisions\/1559"}],"wp:attachment":[{"href":"https:\/\/marohn.bplaced.net\/index.php?rest_route=%2Fwp%2Fv2%2Fmedia&parent=141"}],"curies":[{"name":"wp","href":"https:\/\/api.w.org\/{rel}","templated":true}]}}