{"id":2,"date":"2015-08-14T00:42:38","date_gmt":"2015-08-13T22:42:38","guid":{"rendered":"http:\/\/k-h-marohn.bplaced.net\/wordpress\/?page_id=2"},"modified":"2025-06-10T17:49:19","modified_gmt":"2025-06-10T15:49:19","slug":"beispiel-seite","status":"publish","type":"page","link":"https:\/\/marohn.bplaced.net\/?page_id=2","title":{"rendered":"Arbeiten"},"content":{"rendered":"<div id=\"pl-2\"  class=\"panel-layout\" ><div id=\"pg-2-0\"  class=\"panel-grid panel-no-style\" ><div id=\"pgc-2-0-0\"  class=\"panel-grid-cell\" ><div id=\"panel-2-0-0-0\" class=\"so-panel widget widget_sow-editor panel-first-child panel-last-child\" data-index=\"0\" ><div\n\t\t\t\n\t\t\tclass=\"so-widget-sow-editor so-widget-sow-editor-base\"\n\t\t\t\n\t\t>\n<div class=\"siteorigin-widget-tinymce textwidget\">\n\t<hr \/>\n<p style=\"text-align: center;\"><span style=\"font-family: arial,helvetica,sans-serif; font-size: 16pt;\">Observer in Aleppo<\/span><br \/>\n<em><span style=\"color: #333333; font-family: arial,helvetica,sans-serif; font-size: 10pt;\">Video by Karl Heinz Marohn<\/span><\/em><span style=\"color: #999999; font-family: arial,helvetica,sans-serif; font-size: 10pt;\">\u00a0<\/span><\/p>\n<\/div>\n<\/div><\/div><\/div><\/div><div id=\"pg-2-1\"  class=\"panel-grid panel-has-style\" ><div class=\"panel-row-style panel-row-style-for-2-1\" ><div id=\"pgc-2-1-0\"  class=\"panel-grid-cell panel-grid-cell-empty\" ><\/div><div id=\"pgc-2-1-1\"  class=\"panel-grid-cell panel-grid-cell-mobile-last\" ><div id=\"panel-2-1-1-0\" class=\"so-panel widget widget_sow-editor panel-first-child panel-last-child\" data-index=\"1\" ><div\n\t\t\t\n\t\t\tclass=\"so-widget-sow-editor so-widget-sow-editor-base\"\n\t\t\t\n\t\t>\n<div class=\"siteorigin-widget-tinymce textwidget\">\n\t\n<div data-mode=\"normal\" data-provider=\"vimeo\" id=\"arve-vimeo-249172447\" style=\"max-width:720px;\" class=\"arve aligncenter\">\n\t<div class=\"arve-inner\">\n\t\t<div style=\"aspect-ratio:21\/5\" class=\"arve-embed arve-embed--has-aspect-ratio\">\n\t\t\t<div class=\"arve-ar\" style=\"padding-top:23.809524%\"><\/div>\n\t\t\t<iframe allow=\"accelerometer &#039;none&#039;;autoplay &#039;none&#039;;camera &#039;none&#039;;ch-ua &#039;none&#039;;clipboard-read &#039;none&#039;;clipboard-write;display-capture &#039;none&#039;;encrypted-media &#039;none&#039;;gamepad &#039;none&#039;;geolocation &#039;none&#039;;gyroscope &#039;none&#039;;hid &#039;none&#039;;identity-credentials-get &#039;none&#039;;idle-detection &#039;none&#039;;keyboard-map &#039;none&#039;;local-fonts &#039;none&#039;;magnetometer &#039;none&#039;;microphone &#039;none&#039;;midi &#039;none&#039;;payment &#039;none&#039;;picture-in-picture;publickey-credentials-create &#039;none&#039;;publickey-credentials-get &#039;none&#039;;screen-wake-lock &#039;none&#039;;serial &#039;none&#039;;sync-xhr;usb &#039;none&#039;;window-management &#039;none&#039;;xr-spatial-tracking &#039;none&#039;;\" allowfullscreen=\"\" class=\"arve-iframe fitvidsignore\" credentialless data-arve=\"arve-vimeo-249172447\" data-lenis-prevent=\"\" data-src-no-ap=\"https:\/\/player.vimeo.com\/video\/249172447?transparent=0&amp;title=1&amp;byline=0&amp;portrait=0&amp;dnt=1&amp;autoplay=0\" frameborder=\"0\" height=\"171.42857142857\" loading=\"lazy\" name=\"\" referrerpolicy=\"strict-origin-when-cross-origin\" sandbox=\"allow-scripts allow-same-origin allow-presentation allow-popups allow-popups-to-escape-sandbox allow-forms\" scrolling=\"no\" src=\"https:\/\/player.vimeo.com\/video\/249172447?transparent=0&#038;title=1&#038;byline=0&#038;portrait=0&#038;dnt=1&#038;autoplay=0\" title=\"\" width=\"720\"><\/iframe>\n\t\t\t\n\t\t<\/div>\n\t\t\n\t<\/div>\n\t\n\t\n\t<script type=\"application\/ld+json\">{\"@context\":\"http:\\\/\\\/schema.org\\\/\",\"@id\":\"https:\\\/\\\/marohn.bplaced.net\\\/?page_id=2#arve-vimeo-249172447\",\"type\":\"VideoObject\",\"embedURL\":\"https:\\\/\\\/player.vimeo.com\\\/video\\\/249172447?transparent=0&title=1&byline=0&portrait=0&dnt=1&autoplay=0\"}<\/script>\n<\/div>\n<\/div>\n<\/div><\/div><\/div><div id=\"pgc-2-1-2\"  class=\"panel-grid-cell panel-grid-cell-empty\" ><\/div><\/div><\/div><div id=\"pg-2-2\"  class=\"panel-grid panel-no-style\" ><div id=\"pgc-2-2-0\"  class=\"panel-grid-cell\" ><div id=\"panel-2-2-0-0\" class=\"so-panel widget widget_sow-editor panel-first-child panel-last-child\" data-index=\"2\" ><div\n\t\t\t\n\t\t\tclass=\"so-widget-sow-editor so-widget-sow-editor-base\"\n\t\t\t\n\t\t>\n<div class=\"siteorigin-widget-tinymce textwidget\">\n\t<hr \/>\n<p style=\"text-align: center\"><span style=\"font-family: arial,helvetica,sans-serif;font-size: 16pt\">\"Selfie\"<\/span><br \/><em><span style=\"color: #333333;font-family: arial,helvetica,sans-serif;font-size: 10pt\">Ganz Privat?<\/span><\/em><\/p>\n<\/div>\n<\/div><\/div><\/div><\/div><div id=\"pg-2-3\"  class=\"panel-grid panel-no-style\" ><div id=\"pgc-2-3-0\"  class=\"panel-grid-cell\" ><div id=\"panel-2-3-0-0\" class=\"so-panel widget widget_sow-editor panel-first-child panel-last-child\" data-index=\"3\" ><div\n\t\t\t\n\t\t\tclass=\"so-widget-sow-editor so-widget-sow-editor-base\"\n\t\t\t\n\t\t>\n<div class=\"siteorigin-widget-tinymce textwidget\">\n\t<p style=\"text-align: right;\"><img loading=\"lazy\" decoding=\"async\" class=\"wp-image-1130 size-medium aligncenter\" src=\"https:\/\/marohn.bplaced.net\/wp-content\/uploads\/2017\/12\/s10-169x300.jpg\" alt=\"s10\" width=\"169\" height=\"300\" \/><\/p>\n<\/div>\n<\/div><\/div><\/div><div id=\"pgc-2-3-1\"  class=\"panel-grid-cell\" ><div id=\"panel-2-3-1-0\" class=\"so-panel widget widget_sow-editor panel-first-child panel-last-child\" data-index=\"4\" ><div\n\t\t\t\n\t\t\tclass=\"so-widget-sow-editor so-widget-sow-editor-base\"\n\t\t\t\n\t\t>\n<div class=\"siteorigin-widget-tinymce textwidget\">\n\t<p>Selfies sind auf der einen Seite sehr privat und doch werden sie \u00fcber das \"sozial network\" ver\u00f6ffentlicht. Millionen Menschen k\u00f6nnen diese Aufnahmen sehen. Manchmal kommt es zu Missverst\u00e4ndnissen, manchmal werden Existenzen zerst\u00f6rt. Es sind Ausdrucksweisen unserer vernetzten Gesellschaft. Mein Projekt zielt darauf, private \"Details\" \u00f6ffentlich an Ger\u00fcsten oder Werbetr\u00e4ger zu zeigen.<\/p>\n<\/div>\n<\/div><\/div><\/div><div id=\"pgc-2-3-2\"  class=\"panel-grid-cell\" ><div id=\"panel-2-3-2-0\" class=\"so-panel widget widget_sow-editor panel-first-child panel-last-child\" data-index=\"5\" ><div\n\t\t\t\n\t\t\tclass=\"so-widget-sow-editor so-widget-sow-editor-base\"\n\t\t\t\n\t\t>\n<div class=\"siteorigin-widget-tinymce textwidget\">\n\t<p><a href=\"https:\/\/marohn.bplaced.net\/wp-content\/uploads\/2015\/08\/Bespiel2-e1749570143885.jpg\" rel=\"lightbox[2]\"><img loading=\"lazy\" decoding=\"async\" class=\"size-full wp-image-1117 aligncenter\" src=\"https:\/\/marohn.bplaced.net\/wp-content\/uploads\/2015\/08\/Bespiel2-e1749570143885.jpg\" alt=\"\" width=\"304\" height=\"300\" \/><\/a><\/p>\n<\/div>\n<\/div><\/div><\/div><\/div><div id=\"pg-2-4\"  class=\"panel-grid panel-no-style\" ><div id=\"pgc-2-4-0\"  class=\"panel-grid-cell panel-grid-cell-empty\" ><\/div><div id=\"pgc-2-4-1\"  class=\"panel-grid-cell panel-grid-cell-mobile-last\" ><div id=\"panel-2-4-1-0\" class=\"so-panel widget widget_sow-editor panel-first-child panel-last-child\" data-index=\"6\" ><div\n\t\t\t\n\t\t\tclass=\"so-widget-sow-editor so-widget-sow-editor-base\"\n\t\t\t\n\t\t>\n<div class=\"siteorigin-widget-tinymce textwidget\">\n\t<hr \/>\n<p style=\"text-align: center;\"><span style=\"font-family: arial,helvetica,sans-serif; font-size: 16pt;\"><span style=\"color: #333333;\"><a style=\"color: #333333; text-decoration: none;\" href=\"https:\/\/marohn.bplaced.net\/?p=517\">Best of Babel<\/a><\/span><\/span><\/p>\n<\/div>\n<\/div><\/div><\/div><div id=\"pgc-2-4-2\"  class=\"panel-grid-cell panel-grid-cell-empty\" ><\/div><\/div><div id=\"pg-2-5\"  class=\"panel-grid panel-has-style\" ><div class=\"siteorigin-panels-stretch panel-row-style panel-row-style-for-2-5\" data-stretch-type=\"full-width-stretch\" ><div id=\"pgc-2-5-0\"  class=\"panel-grid-cell panel-grid-cell-empty\" ><\/div><div id=\"pgc-2-5-1\"  class=\"panel-grid-cell\" ><div id=\"panel-2-5-1-0\" class=\"so-panel widget widget_sow-image panel-first-child panel-last-child\" data-index=\"7\" ><div class=\"panel-widget-style panel-widget-style-for-2-5-1-0\" ><div\n\t\t\t\n\t\t\tclass=\"so-widget-sow-image so-widget-sow-image-default-c67d20f9f743-2\"\n\t\t\t\n\t\t>\n<div class=\"sow-image-container\">\n\t\t\t<a href=\"https:\/\/marohn.bplaced.net\/?p=517\"\n\t\t\t\t\t>\n\t\t\t<img \n\tsrc=\"https:\/\/marohn.bplaced.net\/wp-content\/uploads\/2015\/08\/Mar4G.jpg\" width=\"700\" height=\"444\" srcset=\"https:\/\/marohn.bplaced.net\/wp-content\/uploads\/2015\/08\/Mar4G.jpg 700w, https:\/\/marohn.bplaced.net\/wp-content\/uploads\/2015\/08\/Mar4G-300x190.jpg 300w\" sizes=\"(max-width: 700px) 100vw, 700px\" alt=\"\" \t\tclass=\"so-widget-image\"\/>\n\t\t\t<\/a><\/div>\n\n<\/div><\/div><\/div><\/div><div id=\"pgc-2-5-2\"  class=\"panel-grid-cell panel-grid-cell-empty\" ><\/div><div id=\"pgc-2-5-3\"  class=\"panel-grid-cell panel-grid-cell-mobile-last\" ><div id=\"panel-2-5-3-0\" class=\"so-panel widget widget_sow-editor panel-first-child panel-last-child\" data-index=\"8\" ><div class=\"panel-widget-style panel-widget-style-for-2-5-3-0\" ><div\n\t\t\t\n\t\t\tclass=\"so-widget-sow-editor so-widget-sow-editor-base\"\n\t\t\t\n\t\t>\n<div class=\"siteorigin-widget-tinymce textwidget\">\n\t<p>war der Auftakt zu einer Projektreihe, die sich aus dem Arbeitskreis zum Thema \u201eTurmbau von Babel\" gebildet hat. Ein Kreis von Musikern, Psychologen, Sprachwissenschaftlern, Bildenden K\u00fcnstlern, Videographen und Literaten fand sich zusammen. Ihr gemeinsames Anliegen: Sie wollten ihrer Faszination an der biblischen Geschichte vom Turmbau zu Babel nachgehen.<\/p>\n<p style=\"font-size: 20pt;\"><span style=\"font-family: arial,helvetica,sans-serif; font-size: 10pt;\">.<\/span><\/p>\n<\/div>\n<\/div><\/div><\/div><\/div><div id=\"pgc-2-5-4\"  class=\"panel-grid-cell panel-grid-cell-empty\" ><\/div><\/div><\/div><div id=\"pg-2-6\"  class=\"panel-grid panel-no-style\" ><div id=\"pgc-2-6-0\"  class=\"panel-grid-cell panel-grid-cell-empty\" ><\/div><div id=\"pgc-2-6-1\"  class=\"panel-grid-cell panel-grid-cell-mobile-last\" ><div id=\"panel-2-6-1-0\" class=\"so-panel widget widget_sow-editor panel-first-child panel-last-child\" data-index=\"9\" ><div\n\t\t\t\n\t\t\tclass=\"so-widget-sow-editor so-widget-sow-editor-base\"\n\t\t\t\n\t\t>\n<div class=\"siteorigin-widget-tinymce textwidget\">\n\t<hr \/>\n<p style=\"text-align: center;\"><span style=\"font-family: arial,helvetica,sans-serif; font-size: 16pt;\"><span style=\"color: #333333;\"><a style=\"color: #333333; text-decoration: none;\" href=\"https:\/\/marohn.bplaced.net\/?p=1225\">Verletzungen<br \/>\n<\/a><\/span><span style=\"color: #808080; font-size: 10pt;\">Verschiedene Projekte an unterschiedlichen Orten<\/span><\/span><span style=\"color: #808080; font-family: arial,helvetica,sans-serif; font-size: 10pt;\"><br \/>\n<\/span><\/p>\n<\/div>\n<\/div><\/div><\/div><div id=\"pgc-2-6-2\"  class=\"panel-grid-cell panel-grid-cell-empty\" ><\/div><\/div><div id=\"pg-2-7\"  class=\"panel-grid panel-no-style\" ><div id=\"pgc-2-7-0\"  class=\"panel-grid-cell panel-grid-cell-empty\" ><\/div><div id=\"pgc-2-7-1\"  class=\"panel-grid-cell panel-grid-cell-mobile-last\" ><div id=\"panel-2-7-1-0\" class=\"so-panel widget widget_sow-image panel-first-child panel-last-child\" data-index=\"10\" ><div\n\t\t\t\n\t\t\tclass=\"so-widget-sow-image so-widget-sow-image-default-dbf295114b96-2\"\n\t\t\t\n\t\t>\n<div class=\"sow-image-container\">\n\t\t\t<a href=\"https:\/\/marohn.bplaced.net\/?p=1225\"\n\t\t\t\t\t>\n\t\t\t<img \n\tsrc=\"https:\/\/marohn.bplaced.net\/wp-content\/uploads\/2015\/08\/Ver1.jpg\" width=\"400\" height=\"568\" srcset=\"https:\/\/marohn.bplaced.net\/wp-content\/uploads\/2015\/08\/Ver1.jpg 400w, https:\/\/marohn.bplaced.net\/wp-content\/uploads\/2015\/08\/Ver1-211x300.jpg 211w\" sizes=\"(max-width: 400px) 100vw, 400px\" alt=\"\" \t\tclass=\"so-widget-image\"\/>\n\t\t\t<\/a><\/div>\n\n<\/div><\/div><\/div><div id=\"pgc-2-7-2\"  class=\"panel-grid-cell panel-grid-cell-empty\" ><\/div><\/div><div id=\"pg-2-8\"  class=\"panel-grid panel-has-style\" ><div class=\"siteorigin-panels-stretch panel-row-style panel-row-style-for-2-8\" data-stretch-type=\"full\" ><div id=\"pgc-2-8-0\"  class=\"panel-grid-cell panel-grid-cell-empty\" ><\/div><div id=\"pgc-2-8-1\"  class=\"panel-grid-cell panel-grid-cell-mobile-last\" ><div id=\"panel-2-8-1-0\" class=\"so-panel widget widget_sow-editor panel-first-child panel-last-child\" data-index=\"11\" ><div\n\t\t\t\n\t\t\tclass=\"so-widget-sow-editor so-widget-sow-editor-base\"\n\t\t\t\n\t\t>\n<div class=\"siteorigin-widget-tinymce textwidget\">\n\t<hr \/>\n<p style=\"text-align: center;\"><span style=\"font-family: arial,helvetica,sans-serif; font-size: 16pt;\"><span style=\"color: #333333;\"><a style=\"color: #333333; text-decoration: none;\" href=\"https:\/\/marohn.bplaced.net\/?p=1263\">Mit und f\u00fcr den Raum<\/a><\/span><\/span><\/p>\n<p style=\"text-align: center;\"><span style=\"font-family: arial,helvetica,sans-serif; font-size: 16pt;\"><em><span style=\"color: #808080; font-size: 10pt;\">Installationen<\/span><\/em><\/span><span style=\"color: #808080; font-family: arial,helvetica,sans-serif; font-size: 10pt;\"><br \/>\n<\/span><\/p>\n<p style=\"text-align: center;\">\n<\/div>\n<\/div><\/div><\/div><div id=\"pgc-2-8-2\"  class=\"panel-grid-cell panel-grid-cell-empty\" ><\/div><\/div><\/div><div id=\"pg-2-9\"  class=\"panel-grid panel-has-style\" ><div class=\"panel-row-style panel-row-style-for-2-9\" ><div id=\"pgc-2-9-0\"  class=\"panel-grid-cell panel-grid-cell-empty\" ><\/div><div id=\"pgc-2-9-1\"  class=\"panel-grid-cell\" ><div id=\"panel-2-9-1-0\" class=\"so-panel widget widget_sow-editor panel-first-child panel-last-child\" data-index=\"12\" ><div\n\t\t\t\n\t\t\tclass=\"so-widget-sow-editor so-widget-sow-editor-base\"\n\t\t\t\n\t\t>\n<div class=\"siteorigin-widget-tinymce textwidget\">\n\t<p style=\"text-align: right\"><img loading=\"lazy\" decoding=\"async\" class=\"alignnone wp-image-1303 size-medium\" src=\"https:\/\/marohn.bplaced.net\/wordpress\/wp-content\/uploads\/2015\/08\/strich-300x300.jpg\" alt=\"strich\" width=\"300\" height=\"300\" srcset=\"https:\/\/marohn.bplaced.net\/wp-content\/uploads\/2015\/08\/strich-300x300.jpg 300w, https:\/\/marohn.bplaced.net\/wp-content\/uploads\/2015\/08\/strich-150x150.jpg 150w, https:\/\/marohn.bplaced.net\/wp-content\/uploads\/2015\/08\/strich.jpg 500w\" sizes=\"auto, (max-width: 300px) 100vw, 300px\" \/><\/p>\n<\/div>\n<\/div><\/div><\/div><div id=\"pgc-2-9-2\"  class=\"panel-grid-cell panel-grid-cell-empty\" ><\/div><div id=\"pgc-2-9-3\"  class=\"panel-grid-cell panel-grid-cell-mobile-last\" ><div id=\"panel-2-9-3-0\" class=\"so-panel widget widget_sow-image panel-first-child panel-last-child\" data-index=\"13\" ><div\n\t\t\t\n\t\t\tclass=\"so-widget-sow-image so-widget-sow-image-default-8b5b6f678277-2\"\n\t\t\t\n\t\t>\n<div class=\"sow-image-container\">\n\t\t\t<a href=\"https:\/\/marohn.bplaced.net\/?p=1263\"\n\t\t\t\t\t>\n\t\t\t<img \n\tsrc=\"https:\/\/marohn.bplaced.net\/wp-content\/uploads\/2015\/08\/Ziegel1-300x300.jpg\" width=\"300\" height=\"300\" srcset=\"https:\/\/marohn.bplaced.net\/wp-content\/uploads\/2015\/08\/Ziegel1-300x300.jpg 300w, https:\/\/marohn.bplaced.net\/wp-content\/uploads\/2015\/08\/Ziegel1-150x150.jpg 150w, https:\/\/marohn.bplaced.net\/wp-content\/uploads\/2015\/08\/Ziegel1-e1514756819145.jpg 400w\" sizes=\"(max-width: 300px) 100vw, 300px\" title=\"Ziegel1\" alt=\"\" \t\tclass=\"so-widget-image\"\/>\n\t\t\t<\/a><\/div>\n\n<\/div><\/div><\/div><div id=\"pgc-2-9-4\"  class=\"panel-grid-cell panel-grid-cell-empty\" ><\/div><\/div><\/div><div id=\"pg-2-10\"  class=\"panel-grid panel-no-style\" ><div id=\"pgc-2-10-0\"  class=\"panel-grid-cell panel-grid-cell-empty\" ><\/div><div id=\"pgc-2-10-1\"  class=\"panel-grid-cell panel-grid-cell-mobile-last\" ><div id=\"panel-2-10-1-0\" class=\"so-panel widget widget_sow-editor panel-first-child panel-last-child\" data-index=\"14\" ><div\n\t\t\t\n\t\t\tclass=\"so-widget-sow-editor so-widget-sow-editor-base\"\n\t\t\t\n\t\t>\n<div class=\"siteorigin-widget-tinymce textwidget\">\n\t<hr \/>\n<p style=\"text-align: center\"><span style=\"color: #333333;font-family: arial,helvetica,sans-serif;font-size: 16pt\">Collagen<span style=\"color: #008080\"><em><br \/><span style=\"color: #999999;font-size: 10pt\">Serie von Collagen, Zeitungsausschnitte, Tusche auf Papier, ca. 29 x 21 cm<\/span><br \/><\/em><\/span><\/span><\/p>\n<\/div>\n<\/div><\/div><\/div><div id=\"pgc-2-10-2\"  class=\"panel-grid-cell panel-grid-cell-empty\" ><\/div><\/div><div id=\"pg-2-11\"  class=\"panel-grid panel-no-style\" ><div id=\"pgc-2-11-0\"  class=\"panel-grid-cell\" ><div id=\"panel-2-11-0-0\" class=\"so-panel widget widget_sow-image panel-first-child panel-last-child\" data-index=\"15\" ><div\n\t\t\t\n\t\t\tclass=\"so-widget-sow-image so-widget-sow-image-default-8b5b6f678277-2\"\n\t\t\t\n\t\t>\n<div class=\"sow-image-container\">\n\t\t<img \n\tsrc=\"https:\/\/vimeo.com\/249172447\" title=\"Arbeiten\" alt=\"\" \t\tclass=\"so-widget-image\"\/>\n\t<\/div>\n\n<\/div><\/div><\/div><div id=\"pgc-2-11-1\"  class=\"panel-grid-cell panel-grid-cell-mobile-last\" ><div id=\"panel-2-11-1-0\" class=\"so-panel widget widget_unitegallery-widget widget_unitegallery panel-first-child panel-last-child\" data-index=\"16\" >\r\n\t\t\t\t\t\n\r\n\t\t\t\t\t<!-- START UNITE GALLERY LITE 1.7.43 -->\r\n\t\t\t\t\t\r\n\t\t\t\t\n\t\t\t<div id='unitegallery_12_1' class='unite-gallery' style='margin:0px auto;margin-top:20px;margin-bottom:20px;'>\n\t\t\t\t\n\n\t\t\t\t\t\t<img decoding=\"async\" alt=\"11c\"\n\t\t\t\t\t\t     src=\"\" data-image=\"https:\/\/marohn.bplaced.net\/wp-content\/uploads\/2019\/08\/11c.jpg\"\n\t\t\t\t\t\t     data-thumb=\"https:\/\/marohn.bplaced.net\/wp-content\/uploads\/2019\/08\/11c-300x169.jpg\"\n\t\t\t\t\t\t     title=\"\"\n\t\t\t\t\t\t     style=\"display:none\">\n\n\t\t\t\t\t\t<img decoding=\"async\" alt=\"8c\"\n\t\t\t\t\t\t     src=\"\" data-image=\"https:\/\/marohn.bplaced.net\/wp-content\/uploads\/2019\/08\/8c.jpg\"\n\t\t\t\t\t\t     data-thumb=\"https:\/\/marohn.bplaced.net\/wp-content\/uploads\/2019\/08\/8c-300x169.jpg\"\n\t\t\t\t\t\t     title=\"\"\n\t\t\t\t\t\t     style=\"display:none\">\n\n\t\t\t\t\t\t<img decoding=\"async\" alt=\"5c\"\n\t\t\t\t\t\t     src=\"\" data-image=\"https:\/\/marohn.bplaced.net\/wp-content\/uploads\/2019\/08\/5c.jpg\"\n\t\t\t\t\t\t     data-thumb=\"https:\/\/marohn.bplaced.net\/wp-content\/uploads\/2019\/08\/5c-300x169.jpg\"\n\t\t\t\t\t\t     title=\"\"\n\t\t\t\t\t\t     style=\"display:none\">\n\n\t\t\t\t\t\t<img decoding=\"async\" alt=\"4c\"\n\t\t\t\t\t\t     src=\"\" data-image=\"https:\/\/marohn.bplaced.net\/wp-content\/uploads\/2019\/08\/4c.jpg\"\n\t\t\t\t\t\t     data-thumb=\"https:\/\/marohn.bplaced.net\/wp-content\/uploads\/2019\/08\/4c-300x169.jpg\"\n\t\t\t\t\t\t     title=\"\"\n\t\t\t\t\t\t     style=\"display:none\">\n\n\t\t\t\t\t\t<img decoding=\"async\" alt=\"7c1\"\n\t\t\t\t\t\t     src=\"\" data-image=\"https:\/\/marohn.bplaced.net\/wp-content\/uploads\/2019\/08\/7c1.jpg\"\n\t\t\t\t\t\t     data-thumb=\"https:\/\/marohn.bplaced.net\/wp-content\/uploads\/2019\/08\/7c1-300x169.jpg\"\n\t\t\t\t\t\t     title=\"\"\n\t\t\t\t\t\t     style=\"display:none\">\n\n\t\t\t\t\t\t<img decoding=\"async\" alt=\"6c1\"\n\t\t\t\t\t\t     src=\"\" data-image=\"https:\/\/marohn.bplaced.net\/wp-content\/uploads\/2019\/08\/6c1.jpg\"\n\t\t\t\t\t\t     data-thumb=\"https:\/\/marohn.bplaced.net\/wp-content\/uploads\/2019\/08\/6c1-300x169.jpg\"\n\t\t\t\t\t\t     title=\"\"\n\t\t\t\t\t\t     style=\"display:none\">\n\n\t\t\t\t\t\t<img decoding=\"async\" alt=\"3c1\"\n\t\t\t\t\t\t     src=\"\" data-image=\"https:\/\/marohn.bplaced.net\/wp-content\/uploads\/2019\/08\/3c1.jpg\"\n\t\t\t\t\t\t     data-thumb=\"https:\/\/marohn.bplaced.net\/wp-content\/uploads\/2019\/08\/3c1-300x169.jpg\"\n\t\t\t\t\t\t     title=\"\"\n\t\t\t\t\t\t     style=\"display:none\">\n\n\t\t\t\t\t\t<img decoding=\"async\" alt=\"2c1\"\n\t\t\t\t\t\t     src=\"\" data-image=\"https:\/\/marohn.bplaced.net\/wp-content\/uploads\/2019\/08\/2c1.jpg\"\n\t\t\t\t\t\t     data-thumb=\"https:\/\/marohn.bplaced.net\/wp-content\/uploads\/2019\/08\/2c1-300x169.jpg\"\n\t\t\t\t\t\t     title=\"\"\n\t\t\t\t\t\t     style=\"display:none\">\n\n\t\t\t\t\t\t<img decoding=\"async\" alt=\"1c1\"\n\t\t\t\t\t\t     src=\"\" data-image=\"https:\/\/marohn.bplaced.net\/wp-content\/uploads\/2019\/08\/1c1.jpg\"\n\t\t\t\t\t\t     data-thumb=\"https:\/\/marohn.bplaced.net\/wp-content\/uploads\/2019\/08\/1c1-300x169.jpg\"\n\t\t\t\t\t\t     title=\"\"\n\t\t\t\t\t\t     style=\"display:none\">\n\n\t\t\t\t\t\t<img decoding=\"async\" alt=\"10c1\"\n\t\t\t\t\t\t     src=\"\" data-image=\"https:\/\/marohn.bplaced.net\/wp-content\/uploads\/2019\/08\/10c1.jpg\"\n\t\t\t\t\t\t     data-thumb=\"https:\/\/marohn.bplaced.net\/wp-content\/uploads\/2019\/08\/10c1-300x169.jpg\"\n\t\t\t\t\t\t     title=\"\"\n\t\t\t\t\t\t     style=\"display:none\">\n\n\t\t\t\t\t\t<img decoding=\"async\" alt=\"9c1\"\n\t\t\t\t\t\t     src=\"\" data-image=\"https:\/\/marohn.bplaced.net\/wp-content\/uploads\/2019\/08\/9c1.jpg\"\n\t\t\t\t\t\t     data-thumb=\"https:\/\/marohn.bplaced.net\/wp-content\/uploads\/2019\/08\/9c1-300x169.jpg\"\n\t\t\t\t\t\t     title=\"\"\n\t\t\t\t\t\t     style=\"display:none\">\n\t\t\t<\/div>\n\n\t\t\t<script type='text\/javascript'>\n\t\t\t\twindow.onload = function(e) {\n\t\t\t\t\tif(typeof ugCheckForErrors == \"undefined\"){\n\t\t\t\t\t\tdocument.getElementById(\"unitegallery_12_1\").innerHTML = \"<span style='color:red'>Unite Gallery Error - gallery js and css files not included in the footer. Please make sure that wp_footer() function is added to your theme.<\/span>\";}\n\t\t\t\t\telse{ ugCheckForErrors(\"unitegallery_12_1\", \"jquery\");}\n\t\t\t\t};\n\t\t\t<\/script>\n\n\t\t\t<!-- END UNITEGALLERY LITE--><\/div><\/div><div id=\"pgc-2-11-2\"  class=\"panel-grid-cell panel-grid-cell-empty\" ><\/div><\/div><\/div>","protected":false},"excerpt":{"rendered":"<p>Observer in Aleppo Video by Karl Heinz Marohn\u00a0<\/p>\n","protected":false},"author":1,"featured_media":0,"parent":0,"menu_order":0,"comment_status":"closed","ping_status":"open","template":"","meta":{"footnotes":""},"class_list":["post-2","page","type-page","status-publish","hentry","post"],"_links":{"self":[{"href":"https:\/\/marohn.bplaced.net\/index.php?rest_route=\/wp\/v2\/pages\/2","targetHints":{"allow":["GET"]}}],"collection":[{"href":"https:\/\/marohn.bplaced.net\/index.php?rest_route=\/wp\/v2\/pages"}],"about":[{"href":"https:\/\/marohn.bplaced.net\/index.php?rest_route=\/wp\/v2\/types\/page"}],"author":[{"embeddable":true,"href":"https:\/\/marohn.bplaced.net\/index.php?rest_route=\/wp\/v2\/users\/1"}],"replies":[{"embeddable":true,"href":"https:\/\/marohn.bplaced.net\/index.php?rest_route=%2Fwp%2Fv2%2Fcomments&post=2"}],"version-history":[{"count":184,"href":"https:\/\/marohn.bplaced.net\/index.php?rest_route=\/wp\/v2\/pages\/2\/revisions"}],"predecessor-version":[{"id":1640,"href":"https:\/\/marohn.bplaced.net\/index.php?rest_route=\/wp\/v2\/pages\/2\/revisions\/1640"}],"wp:attachment":[{"href":"https:\/\/marohn.bplaced.net\/index.php?rest_route=%2Fwp%2Fv2%2Fmedia&parent=2"}],"curies":[{"name":"wp","href":"https:\/\/api.w.org\/{rel}","templated":true}]}}